{"id":308,"date":"2018-12-16T17:24:23","date_gmt":"2018-12-16T17:24:23","guid":{"rendered":"https:\/\/theatergruppe-horneburg.de\/?page_id=308"},"modified":"2021-09-11T06:53:53","modified_gmt":"2021-09-11T06:53:53","slug":"impressum","status":"publish","type":"page","link":"https:\/\/theatergruppe-horneburg.de\/hd\/impressum\/","title":{"rendered":"Impressum"},"content":{"rendered":"<h3>Theatergruppe Hornb\u00f6rger Pannkoken<\/h3>\n<p style=\"padding-left: 30px;\"><strong>1. Vorsitzende:<\/strong><\/p>\n<p style=\"padding-left: 60px;\">Astrid B\u00e4ck-Bungenstock<br \/>\nOtto-Balzer-Str. 24<br \/>\n21640 Horneburg<\/p>\n<p style=\"padding-left: 30px;\"><strong>2. Vorsitzender:<\/strong><\/p>\n<p style=\"padding-left: 60px;\">Frank Hartmann<br \/>\nStader Stra\u00dfe 32<br \/>\n21640 Horneburg<\/p>\n<p><strong>Verantwortlich f\u00fcr den Webauftritt:<\/strong><\/p>\n<p style=\"padding-left: 60px;\">J\u00fcrgen Philipp<br \/>\nIm kleinen Sande 9c<br \/>\n21640 Horneburg<\/p>\n<p style=\"padding-left: 60px;\"><em>email:<\/em> juergen.philipp (add) theatergruppe-horneburg.de<\/p>\n<p><a href=\"http:\/\/www.disclaimer.de\/disclaimer.htm?farbe=FFFFFF\/000000\/000000\/000000\" target=\"_blank\" rel=\"noopener\"><img loading=\"lazy\" decoding=\"async\" src=\"http:\/\/www.disclaimer.de\/images\/dis_01.gif\" alt=\"disclaimer\" width=\"80\" height=\"20\" border=\"0\" \/> <\/a><\/p>\n","protected":false},"excerpt":{"rendered":"<p>Theatergruppe Hornb\u00f6rger Pannkoken 1. Vorsitzende: Astrid B\u00e4ck-Bungenstock Otto-Balzer-Str. 24 21640 Horneburg 2. Vorsitzender: Frank Hartmann Stader Stra\u00dfe 32 21640 Horneburg Verantwortlich f\u00fcr den Webauftritt: J\u00fcrgen Philipp Im kleinen Sande 9c 21640 Horneburg email: juergen.philipp (add) theatergruppe-horneburg.de<\/p>\n","protected":false},"author":1,"featured_media":0,"parent":0,"menu_order":0,"comment_status":"closed","ping_status":"closed","template":"","meta":{"_lmt_disableupdate":"","_lmt_disable":"","footnotes":""},"class_list":["post-308","page","type-page","status-publish","hentry"],"blocksy_meta":[],"translation":{"provider":"WPGlobus","version":"3.0.2","language":"hd","enabled_languages":["pd","hd"],"languages":{"pd":{"title":true,"content":true,"excerpt":false},"hd":{"title":false,"content":false,"excerpt":false}}},"_links":{"self":[{"href":"https:\/\/theatergruppe-horneburg.de\/hd\/wp-json\/wp\/v2\/pages\/308","targetHints":{"allow":["GET"]}}],"collection":[{"href":"https:\/\/theatergruppe-horneburg.de\/hd\/wp-json\/wp\/v2\/pages"}],"about":[{"href":"https:\/\/theatergruppe-horneburg.de\/hd\/wp-json\/wp\/v2\/types\/page"}],"author":[{"embeddable":true,"href":"https:\/\/theatergruppe-horneburg.de\/hd\/wp-json\/wp\/v2\/users\/1"}],"replies":[{"embeddable":true,"href":"https:\/\/theatergruppe-horneburg.de\/hd\/wp-json\/wp\/v2\/comments?post=308"}],"version-history":[{"count":3,"href":"https:\/\/theatergruppe-horneburg.de\/hd\/wp-json\/wp\/v2\/pages\/308\/revisions"}],"predecessor-version":[{"id":696,"href":"https:\/\/theatergruppe-horneburg.de\/hd\/wp-json\/wp\/v2\/pages\/308\/revisions\/696"}],"wp:attachment":[{"href":"https:\/\/theatergruppe-horneburg.de\/hd\/wp-json\/wp\/v2\/media?parent=308"}],"curies":[{"name":"wp","href":"https:\/\/api.w.org\/{rel}","templated":true}]}}